{"id":1192,"date":"2020-12-16T15:30:33","date_gmt":"2020-12-16T14:30:33","guid":{"rendered":"https:\/\/boutique.vaniline.com\/?post_type=product&#038;p=1192"},"modified":"2026-04-06T16:01:06","modified_gmt":"2026-04-06T14:01:06","slug":"tenue-de-noel-pour-zwergnase-garcon-55cm","status":"publish","type":"product","link":"https:\/\/boutique.vaniline.com\/index.php\/produit\/tenue-de-noel-pour-zwergnase-garcon-55cm\/","title":{"rendered":"Tenue de No\u00ebl pour Zwergn\u00e4se gar\u00e7on 55cm"},"content":{"rendered":"<p>La tenue convient pour les grandes Zwergnase junior de 55cm<\/p>\n<p>bermuda en lainage \u00e9cossais bleu marine<\/p>\n<p>chemise blanche \u00e0 pois dor\u00e9s<\/p>\n<p>gilet<\/p>\n<p>\u00e9charpe tricot\u00e9e<\/p>\n<p>chaussettes<\/p>\n","protected":false},"excerpt":{"rendered":"<p>Tenue gar\u00e7on\u00a0 de No\u00ebl\u00a0 pour Zwergnase 55cm<\/p>\n","protected":false},"featured_media":1193,"comment_status":"open","ping_status":"closed","template":"","meta":[],"product_brand":[],"product_cat":[17],"product_tag":[],"class_list":{"0":"post-1192","1":"product","2":"type-product","3":"status-publish","4":"has-post-thumbnail","6":"product_cat-vetements","8":"first","9":"outofstock","10":"shipping-taxable","11":"purchasable","12":"product-type-simple"},"jetpack_sharing_enabled":true,"_links":{"self":[{"href":"https:\/\/boutique.vaniline.com\/index.php\/wp-json\/wp\/v2\/product\/1192","targetHints":{"allow":["GET"]}}],"collection":[{"href":"https:\/\/boutique.vaniline.com\/index.php\/wp-json\/wp\/v2\/product"}],"about":[{"href":"https:\/\/boutique.vaniline.com\/index.php\/wp-json\/wp\/v2\/types\/product"}],"replies":[{"embeddable":true,"href":"https:\/\/boutique.vaniline.com\/index.php\/wp-json\/wp\/v2\/comments?post=1192"}],"wp:featuredmedia":[{"embeddable":true,"href":"https:\/\/boutique.vaniline.com\/index.php\/wp-json\/wp\/v2\/media\/1193"}],"wp:attachment":[{"href":"https:\/\/boutique.vaniline.com\/index.php\/wp-json\/wp\/v2\/media?parent=1192"}],"wp:term":[{"taxonomy":"product_brand","embeddable":true,"href":"https:\/\/boutique.vaniline.com\/index.php\/wp-json\/wp\/v2\/product_brand?post=1192"},{"taxonomy":"product_cat","embeddable":true,"href":"https:\/\/boutique.vaniline.com\/index.php\/wp-json\/wp\/v2\/product_cat?post=1192"},{"taxonomy":"product_tag","embeddable":true,"href":"https:\/\/boutique.vaniline.com\/index.php\/wp-json\/wp\/v2\/product_tag?post=1192"}],"curies":[{"name":"wp","href":"https:\/\/api.w.org\/{rel}","templated":true}]}}