{"id":1537,"date":"2021-03-02T14:28:12","date_gmt":"2021-03-02T13:28:12","guid":{"rendered":"https:\/\/boutique.vaniline.com\/?post_type=product&#038;p=1537"},"modified":"2022-01-21T14:28:43","modified_gmt":"2022-01-21T13:28:43","slug":"capucine-salopette-et-t-shirt","status":"publish","type":"product","link":"https:\/\/boutique.vaniline.com\/index.php\/produit\/capucine-salopette-et-t-shirt\/","title":{"rendered":"Capucine- Salopette et T-shirt"},"content":{"rendered":"<p>Ce patron comprend l&#8217;image du patron et le patron lui-m\u00eame \u00e0 t\u00e9l\u00e9charger tout de suite.<\/p>\n<p>Les explications sont en libre acc\u00e8s sur mon blog &#8220;Ma p&#8217;tite \u00e9cole de couture&#8221;: <a href=\"http:\/\/poupeecouture.canalblog.com\/\" target=\"_blank\" rel=\"noopener noreferrer\">http:\/\/poupeecouture.canalblog.com\/<\/a><\/p>\n<p>Pattern only! explanations are on my blog in french :<a href=\"http:\/\/poupeecouture.canalblog.com\/\" target=\"_blank\" rel=\"noopener noreferrer\"> http:\/\/poupeecouture.canalblog.com\/<\/a><\/p>\n<p>&nbsp;<\/p>\n<p>Le patron permet de r\u00e9aliser une salopette avec de grandes poches fronc\u00e9es et un t-shirt<\/p>\n<p>&nbsp;<\/p>\n","protected":false},"excerpt":{"rendered":"<p>Patron, tuto couture pour poup\u00e9e Ruby Red Fashion Friends et Little Kidz de G\u00f6tz<br \/>\nCe mod\u00e8le permet de r\u00e9aliser une salopette et un T-shirt<\/p>\n","protected":false},"featured_media":1539,"comment_status":"open","ping_status":"closed","template":"","meta":[],"class_list":{"0":"post-1537","1":"product","2":"type-product","3":"status-publish","4":"has-post-thumbnail","6":"product_cat-fashion-friends","7":"product_cat-patrons","9":"first","10":"instock","11":"downloadable","12":"virtual","13":"purchasable","14":"product-type-simple"},"jetpack_sharing_enabled":true,"_links":{"self":[{"href":"https:\/\/boutique.vaniline.com\/index.php\/wp-json\/wp\/v2\/product\/1537","targetHints":{"allow":["GET"]}}],"collection":[{"href":"https:\/\/boutique.vaniline.com\/index.php\/wp-json\/wp\/v2\/product"}],"about":[{"href":"https:\/\/boutique.vaniline.com\/index.php\/wp-json\/wp\/v2\/types\/product"}],"replies":[{"embeddable":true,"href":"https:\/\/boutique.vaniline.com\/index.php\/wp-json\/wp\/v2\/comments?post=1537"}],"wp:featuredmedia":[{"embeddable":true,"href":"https:\/\/boutique.vaniline.com\/index.php\/wp-json\/wp\/v2\/media\/1539"}],"wp:attachment":[{"href":"https:\/\/boutique.vaniline.com\/index.php\/wp-json\/wp\/v2\/media?parent=1537"}],"curies":[{"name":"wp","href":"https:\/\/api.w.org\/{rel}","templated":true}]}}