{"id":1707,"date":"2021-03-31T11:31:23","date_gmt":"2021-03-31T09:31:23","guid":{"rendered":"https:\/\/boutique.vaniline.com\/?post_type=product&#038;p=1707"},"modified":"2021-03-31T11:34:43","modified_gmt":"2021-03-31T09:34:43","slug":"robe-ou-blouse-singing-in-the-rain-patron-gratuit-2","status":"publish","type":"product","link":"https:\/\/boutique.vaniline.com\/index.php\/produit\/robe-ou-blouse-singing-in-the-rain-patron-gratuit-2\/","title":{"rendered":"Robe ou blouse &#8220;singing in the rain&#8221;- patron gratuit"},"content":{"rendered":"<p>Cet article comprend l&#8217;image du patron et le patron lui-m\u00eame. Les explications de couture ne sont pas comprises.<\/p>\n<p>Il convient aux poup\u00e9es de 32-33cm comme les Little darlings de Dianna Effner et les minouches de Sylvia Natterer<\/p>\n<p>&nbsp;<\/p>\n<p>Les explications sont en libre acc\u00e8s sur mon blog &#8220;Ma p&#8217;tite \u00e9cole de couture&#8221;, les cat\u00e9gories sont indiqu\u00e9es sur le patron : <a href=\"http:\/\/poupeecouture.canalblog.com\/\" target=\"_blank\" rel=\"noopener noreferrer\">http:\/\/poupeecouture.canalblog.com\/<\/a><\/p>\n<p>Pattern only! explanations are on my blog in french : http:\/\/poupeecouture.canalblog.com\/archives\/2020\/05\/27\/38326177.html<\/p>\n<p>&nbsp;<\/p>\n<p>Ce patron permet de faire une blouse ou robe simple.<\/p>\n","protected":false},"excerpt":{"rendered":"<p>Patron de couture pour little darlings et minouches<\/p>\n<p>Ce patron permet de r\u00e9aliser une robe ou blouse simple<\/p>\n","protected":false},"featured_media":1708,"comment_status":"open","ping_status":"closed","template":"","meta":[],"class_list":{"0":"post-1707","1":"product","2":"type-product","3":"status-publish","4":"has-post-thumbnail","6":"product_cat-patrons","7":"product_cat-poupees-32-33cm","9":"first","10":"instock","11":"downloadable","12":"virtual","13":"purchasable","14":"product-type-simple"},"jetpack_sharing_enabled":true,"_links":{"self":[{"href":"https:\/\/boutique.vaniline.com\/index.php\/wp-json\/wp\/v2\/product\/1707","targetHints":{"allow":["GET"]}}],"collection":[{"href":"https:\/\/boutique.vaniline.com\/index.php\/wp-json\/wp\/v2\/product"}],"about":[{"href":"https:\/\/boutique.vaniline.com\/index.php\/wp-json\/wp\/v2\/types\/product"}],"replies":[{"embeddable":true,"href":"https:\/\/boutique.vaniline.com\/index.php\/wp-json\/wp\/v2\/comments?post=1707"}],"wp:featuredmedia":[{"embeddable":true,"href":"https:\/\/boutique.vaniline.com\/index.php\/wp-json\/wp\/v2\/media\/1708"}],"wp:attachment":[{"href":"https:\/\/boutique.vaniline.com\/index.php\/wp-json\/wp\/v2\/media?parent=1707"}],"curies":[{"name":"wp","href":"https:\/\/api.w.org\/{rel}","templated":true}]}}