{"id":2048,"date":"2021-05-14T15:19:06","date_gmt":"2021-05-14T13:19:06","guid":{"rendered":"https:\/\/boutique.vaniline.com\/?post_type=product&#038;p=2048"},"modified":"2026-04-06T16:01:05","modified_gmt":"2026-04-06T14:01:05","slug":"ensemble-top-croise-et-pantacourt-jean-pour-meadowdolls-ou-gotz-18","status":"publish","type":"product","link":"https:\/\/boutique.vaniline.com\/index.php\/produit\/ensemble-top-croise-et-pantacourt-jean-pour-meadowdolls-ou-gotz-18\/","title":{"rendered":"Ensemble Top crois\u00e9 et pantacourt jean pour  Meadowdolls ou G\u00f6tz 18&Prime;"},"content":{"rendered":"<p>La tenue convient aux meadowdolls 18&Prime; ou poup\u00e9es Gotz 46cm<\/p>\n<p>&nbsp;<\/p>\n<p>L&rsquo;ensemble comprend:<\/p>\n<p>Un top \u00e0 volants crois\u00e9 en Liberty<\/p>\n<p>un pantacourt en jean<\/p>\n<p>un bandeau assorti<\/p>\n","protected":false},"excerpt":{"rendered":"<p>Ensemble\u00a0 pantacourt et TOP pour meadowdolls ou Gotz 18&Prime;<\/p>\n","protected":false},"featured_media":2049,"comment_status":"open","ping_status":"closed","template":"","meta":[],"product_brand":[],"product_cat":[17],"product_tag":[],"class_list":{"0":"post-2048","1":"product","2":"type-product","3":"status-publish","4":"has-post-thumbnail","6":"product_cat-vetements","8":"first","9":"outofstock","10":"shipping-taxable","11":"purchasable","12":"product-type-simple"},"jetpack_sharing_enabled":true,"_links":{"self":[{"href":"https:\/\/boutique.vaniline.com\/index.php\/wp-json\/wp\/v2\/product\/2048","targetHints":{"allow":["GET"]}}],"collection":[{"href":"https:\/\/boutique.vaniline.com\/index.php\/wp-json\/wp\/v2\/product"}],"about":[{"href":"https:\/\/boutique.vaniline.com\/index.php\/wp-json\/wp\/v2\/types\/product"}],"replies":[{"embeddable":true,"href":"https:\/\/boutique.vaniline.com\/index.php\/wp-json\/wp\/v2\/comments?post=2048"}],"wp:featuredmedia":[{"embeddable":true,"href":"https:\/\/boutique.vaniline.com\/index.php\/wp-json\/wp\/v2\/media\/2049"}],"wp:attachment":[{"href":"https:\/\/boutique.vaniline.com\/index.php\/wp-json\/wp\/v2\/media?parent=2048"}],"wp:term":[{"taxonomy":"product_brand","embeddable":true,"href":"https:\/\/boutique.vaniline.com\/index.php\/wp-json\/wp\/v2\/product_brand?post=2048"},{"taxonomy":"product_cat","embeddable":true,"href":"https:\/\/boutique.vaniline.com\/index.php\/wp-json\/wp\/v2\/product_cat?post=2048"},{"taxonomy":"product_tag","embeddable":true,"href":"https:\/\/boutique.vaniline.com\/index.php\/wp-json\/wp\/v2\/product_tag?post=2048"}],"curies":[{"name":"wp","href":"https:\/\/api.w.org\/{rel}","templated":true}]}}