{"id":2563,"date":"2021-10-15T14:19:24","date_gmt":"2021-10-15T12:19:24","guid":{"rendered":"https:\/\/boutique.vaniline.com\/?post_type=product&#038;p=2563"},"modified":"2026-04-06T16:01:04","modified_gmt":"2026-04-06T14:01:04","slug":"ensemble-4-pieces-pour-petite-wichtel-26cm","status":"publish","type":"product","link":"https:\/\/boutique.vaniline.com\/index.php\/produit\/ensemble-4-pieces-pour-petite-wichtel-26cm\/","title":{"rendered":"Ensemble 4 pi\u00e8ces pour petite Wichtel 26cm"},"content":{"rendered":"<p>Tenue cr\u00e9\u00e9e pour les petites wichtels de 26cm, la tenue comprend:<\/p>\n<p>un t-shirt en jersey rose<\/p>\n<p>une robe salopette en velours milleraies fleuri<\/p>\n<p>une paire des grandes chaussettes<\/p>\n<p>un bandeau assorti<\/p>\n","protected":false},"excerpt":{"rendered":"<p>Ensemble rose de Tasha , wichtel 26cm<\/p>\n","protected":false},"featured_media":2564,"comment_status":"open","ping_status":"closed","template":"","meta":[],"product_brand":[],"product_cat":[17],"product_tag":[],"class_list":{"0":"post-2563","1":"product","2":"type-product","3":"status-publish","4":"has-post-thumbnail","6":"product_cat-vetements","8":"first","9":"outofstock","10":"shipping-taxable","11":"purchasable","12":"product-type-simple"},"jetpack_sharing_enabled":true,"_links":{"self":[{"href":"https:\/\/boutique.vaniline.com\/index.php\/wp-json\/wp\/v2\/product\/2563","targetHints":{"allow":["GET"]}}],"collection":[{"href":"https:\/\/boutique.vaniline.com\/index.php\/wp-json\/wp\/v2\/product"}],"about":[{"href":"https:\/\/boutique.vaniline.com\/index.php\/wp-json\/wp\/v2\/types\/product"}],"replies":[{"embeddable":true,"href":"https:\/\/boutique.vaniline.com\/index.php\/wp-json\/wp\/v2\/comments?post=2563"}],"wp:featuredmedia":[{"embeddable":true,"href":"https:\/\/boutique.vaniline.com\/index.php\/wp-json\/wp\/v2\/media\/2564"}],"wp:attachment":[{"href":"https:\/\/boutique.vaniline.com\/index.php\/wp-json\/wp\/v2\/media?parent=2563"}],"wp:term":[{"taxonomy":"product_brand","embeddable":true,"href":"https:\/\/boutique.vaniline.com\/index.php\/wp-json\/wp\/v2\/product_brand?post=2563"},{"taxonomy":"product_cat","embeddable":true,"href":"https:\/\/boutique.vaniline.com\/index.php\/wp-json\/wp\/v2\/product_cat?post=2563"},{"taxonomy":"product_tag","embeddable":true,"href":"https:\/\/boutique.vaniline.com\/index.php\/wp-json\/wp\/v2\/product_tag?post=2563"}],"curies":[{"name":"wp","href":"https:\/\/api.w.org\/{rel}","templated":true}]}}