{"id":2744,"date":"2021-12-01T10:13:20","date_gmt":"2021-12-01T09:13:20","guid":{"rendered":"https:\/\/boutique.vaniline.com\/?post_type=product&#038;p=2744"},"modified":"2022-01-21T14:25:36","modified_gmt":"2022-01-21T13:25:36","slug":"patron-coline-manteau-a-col-chale-et-toque","status":"publish","type":"product","link":"https:\/\/boutique.vaniline.com\/index.php\/produit\/patron-coline-manteau-a-col-chale-et-toque\/","title":{"rendered":"Patron Coline &#8211; Manteau \u00e0 col ch\u00e2le et toque"},"content":{"rendered":"<p>Ce patron comprend l&rsquo;image du patron et le patron lui-m\u00eame \u00e0 t\u00e9l\u00e9charger tout de suite.<\/p>\n<p>Les explications sont en libre acc\u00e8s sur mon blog \u00ab\u00a0Ma p&rsquo;tite \u00e9cole de couture\u00a0\u00bb: <a href=\"http:\/\/poupeecouture.canalblog.com\/\" target=\"_blank\" rel=\"noopener noreferrer\">http:\/\/poupeecouture.canalblog.com\/<\/a><\/p>\n<p>Pattern only! explanations are on my blog in french :<a href=\"http:\/\/poupeecouture.canalblog.com\/\" target=\"_blank\" rel=\"noopener noreferrer\"> http:\/\/poupeecouture.canalblog.com\/<\/a><\/p>\n<p>&nbsp;<\/p>\n<p>Le patron permet de r\u00e9aliser :<\/p>\n<p>un manteau \u00e0 col ch\u00e2le en fourrure ou autre tissu et une toque\/chapka assortie<\/p>\n","protected":false},"excerpt":{"rendered":"<p>Patron, tuto couture pour poup\u00e9e Ruby Red Fashion Friends et Little Kidz de G\u00f6tz<br \/>\nCe mod\u00e8le permet de r\u00e9aliser un manteau \u00e0 col ch\u00e2le et une toque assortie.<\/p>\n","protected":false},"featured_media":2743,"comment_status":"open","ping_status":"closed","template":"","meta":[],"product_brand":[],"product_cat":[25,16],"product_tag":[],"class_list":{"0":"post-2744","1":"product","2":"type-product","3":"status-publish","4":"has-post-thumbnail","6":"product_cat-fashion-friends","7":"product_cat-patrons","9":"first","10":"instock","11":"downloadable","12":"virtual","13":"purchasable","14":"product-type-simple"},"jetpack_sharing_enabled":true,"_links":{"self":[{"href":"https:\/\/boutique.vaniline.com\/index.php\/wp-json\/wp\/v2\/product\/2744","targetHints":{"allow":["GET"]}}],"collection":[{"href":"https:\/\/boutique.vaniline.com\/index.php\/wp-json\/wp\/v2\/product"}],"about":[{"href":"https:\/\/boutique.vaniline.com\/index.php\/wp-json\/wp\/v2\/types\/product"}],"replies":[{"embeddable":true,"href":"https:\/\/boutique.vaniline.com\/index.php\/wp-json\/wp\/v2\/comments?post=2744"}],"wp:featuredmedia":[{"embeddable":true,"href":"https:\/\/boutique.vaniline.com\/index.php\/wp-json\/wp\/v2\/media\/2743"}],"wp:attachment":[{"href":"https:\/\/boutique.vaniline.com\/index.php\/wp-json\/wp\/v2\/media?parent=2744"}],"wp:term":[{"taxonomy":"product_brand","embeddable":true,"href":"https:\/\/boutique.vaniline.com\/index.php\/wp-json\/wp\/v2\/product_brand?post=2744"},{"taxonomy":"product_cat","embeddable":true,"href":"https:\/\/boutique.vaniline.com\/index.php\/wp-json\/wp\/v2\/product_cat?post=2744"},{"taxonomy":"product_tag","embeddable":true,"href":"https:\/\/boutique.vaniline.com\/index.php\/wp-json\/wp\/v2\/product_tag?post=2744"}],"curies":[{"name":"wp","href":"https:\/\/api.w.org\/{rel}","templated":true}]}}