{"id":283,"date":"2020-08-19T15:30:29","date_gmt":"2020-08-19T13:30:29","guid":{"rendered":"https:\/\/boutique.vaniline.com\/?post_type=product&#038;p=283"},"modified":"2020-08-20T11:49:18","modified_gmt":"2020-08-20T09:49:18","slug":"n7-veste-paletot-et-caban","status":"publish","type":"product","link":"https:\/\/boutique.vaniline.com\/index.php\/produit\/n7-veste-paletot-et-caban\/","title":{"rendered":"N\u00b07 &#8211; Veste paletot et caban"},"content":{"rendered":"<p>Cet article comprend l&rsquo;image du mod\u00e8le et le patron lui-m\u00eame \u00e0 t\u00e9l\u00e9charger tout de suite. Il ne comprend pas les explications.<\/p>\n<p>Ce mod\u00e8le permet de r\u00e9aliser un manteau style \u00ab\u00a0veste paletot\u00a0\u00bb ou caban avec col ou capuche amovible. Les patrons des pantalons ou short ne sont pas compris;<\/p>\n<p>Les explications sont en libre acc\u00e8s sur mon blog \u00ab\u00a0Ma p&rsquo;tite \u00e9cole de couture\u00a0\u00bb: <a href=\"http:\/\/poupeecouture.canalblog.com\/\" target=\"_blank\" rel=\"noopener noreferrer\">http:\/\/poupeecouture.canalblog.com\/<\/a><\/p>\n<p>Pattern only! explanations are on my blog in french :<a href=\"http:\/\/poupeecouture.canalblog.com\/\" target=\"_blank\" rel=\"noopener noreferrer\"> http:\/\/poupeecouture.canalblog.com\/<\/a><\/p>\n","protected":false},"excerpt":{"rendered":"<p>Patron de couture format PDF \u00e0 t\u00e9l\u00e9charger pour poup\u00e9es 32-33cm comme les Ch\u00e9ries de Corolle, Little darlings ou minouches<br \/>\nMod\u00e8le de veste paletot ou caban<\/p>\n","protected":false},"featured_media":352,"comment_status":"open","ping_status":"closed","template":"","meta":[],"product_brand":[],"product_cat":[16,26],"product_tag":[],"class_list":{"0":"post-283","1":"product","2":"type-product","3":"status-publish","4":"has-post-thumbnail","6":"product_cat-patrons","7":"product_cat-poupees-32-33cm","9":"first","10":"instock","11":"downloadable","12":"virtual","13":"purchasable","14":"product-type-simple"},"jetpack_sharing_enabled":true,"_links":{"self":[{"href":"https:\/\/boutique.vaniline.com\/index.php\/wp-json\/wp\/v2\/product\/283","targetHints":{"allow":["GET"]}}],"collection":[{"href":"https:\/\/boutique.vaniline.com\/index.php\/wp-json\/wp\/v2\/product"}],"about":[{"href":"https:\/\/boutique.vaniline.com\/index.php\/wp-json\/wp\/v2\/types\/product"}],"replies":[{"embeddable":true,"href":"https:\/\/boutique.vaniline.com\/index.php\/wp-json\/wp\/v2\/comments?post=283"}],"wp:featuredmedia":[{"embeddable":true,"href":"https:\/\/boutique.vaniline.com\/index.php\/wp-json\/wp\/v2\/media\/352"}],"wp:attachment":[{"href":"https:\/\/boutique.vaniline.com\/index.php\/wp-json\/wp\/v2\/media?parent=283"}],"wp:term":[{"taxonomy":"product_brand","embeddable":true,"href":"https:\/\/boutique.vaniline.com\/index.php\/wp-json\/wp\/v2\/product_brand?post=283"},{"taxonomy":"product_cat","embeddable":true,"href":"https:\/\/boutique.vaniline.com\/index.php\/wp-json\/wp\/v2\/product_cat?post=283"},{"taxonomy":"product_tag","embeddable":true,"href":"https:\/\/boutique.vaniline.com\/index.php\/wp-json\/wp\/v2\/product_tag?post=283"}],"curies":[{"name":"wp","href":"https:\/\/api.w.org\/{rel}","templated":true}]}}