{"id":296,"date":"2020-08-19T15:44:26","date_gmt":"2020-08-19T13:44:26","guid":{"rendered":"https:\/\/boutique.vaniline.com\/?post_type=product&#038;p=296"},"modified":"2020-08-20T11:52:53","modified_gmt":"2020-08-20T09:52:53","slug":"n9-robe-volantee-et-ses-variantes","status":"publish","type":"product","link":"https:\/\/boutique.vaniline.com\/index.php\/produit\/n9-robe-volantee-et-ses-variantes\/","title":{"rendered":"N\u00b09 &#8211; Robe volant\u00e9e et ses variantes"},"content":{"rendered":"<p>Cet article comprend l&#8217;image du mod\u00e8le et le patron lui-m\u00eame \u00e0 t\u00e9l\u00e9charger tout de suite. Il ne comprend pas les explications.<\/p>\n<p>Ce mod\u00e8le permet de r\u00e9aliser une robe\u00a0 \u00e0 volants , une jupe volant\u00e9e, deux tops dif\u00e9rents .<\/p>\n<p>Les explications sont en libre acc\u00e8s sur mon blog &#8220;Ma p&#8217;tite \u00e9cole de couture&#8221;: <a href=\"http:\/\/poupeecouture.canalblog.com\/\" target=\"_blank\" rel=\"noopener noreferrer\">http:\/\/poupeecouture.canalblog.com\/<\/a><\/p>\n<p>Pattern only! explanations are on my blog in french :<a href=\"http:\/\/poupeecouture.canalblog.com\/\" target=\"_blank\" rel=\"noopener noreferrer\"> http:\/\/poupeecouture.canalblog.com\/<\/a><\/p>\n","protected":false},"excerpt":{"rendered":"<p>Patron de couture format PDF \u00e0 t\u00e9l\u00e9charger pour poup\u00e9es 32-33cm comme les Ch\u00e9ries de Corolle, Little darlings ou minouches<br \/>\nMod\u00e8le de robe, jupes et tops volant\u00e9s.<\/p>\n","protected":false},"featured_media":355,"comment_status":"open","ping_status":"closed","template":"","meta":[],"class_list":{"0":"post-296","1":"product","2":"type-product","3":"status-publish","4":"has-post-thumbnail","6":"product_cat-patrons","7":"product_cat-poupees-32-33cm","9":"first","10":"instock","11":"downloadable","12":"virtual","13":"purchasable","14":"product-type-simple"},"jetpack_sharing_enabled":true,"_links":{"self":[{"href":"https:\/\/boutique.vaniline.com\/index.php\/wp-json\/wp\/v2\/product\/296","targetHints":{"allow":["GET"]}}],"collection":[{"href":"https:\/\/boutique.vaniline.com\/index.php\/wp-json\/wp\/v2\/product"}],"about":[{"href":"https:\/\/boutique.vaniline.com\/index.php\/wp-json\/wp\/v2\/types\/product"}],"replies":[{"embeddable":true,"href":"https:\/\/boutique.vaniline.com\/index.php\/wp-json\/wp\/v2\/comments?post=296"}],"wp:featuredmedia":[{"embeddable":true,"href":"https:\/\/boutique.vaniline.com\/index.php\/wp-json\/wp\/v2\/media\/355"}],"wp:attachment":[{"href":"https:\/\/boutique.vaniline.com\/index.php\/wp-json\/wp\/v2\/media?parent=296"}],"curies":[{"name":"wp","href":"https:\/\/api.w.org\/{rel}","templated":true}]}}