{"id":3171,"date":"2022-03-25T14:37:44","date_gmt":"2022-03-25T13:37:44","guid":{"rendered":"https:\/\/boutique.vaniline.com\/?post_type=product&#038;p=3171"},"modified":"2026-04-06T16:01:03","modified_gmt":"2026-04-06T14:01:03","slug":"ensemble-dete-pour-ruby-red-fashion-friends","status":"publish","type":"product","link":"https:\/\/boutique.vaniline.com\/index.php\/produit\/ensemble-dete-pour-ruby-red-fashion-friends\/","title":{"rendered":"Ensemble d&rsquo;\u00e9t\u00e9 pour Ruby Red Fashion Friends"},"content":{"rendered":"<p>Ensemble 3 pi\u00e8ces pour poup\u00e9es Ruby Red Fashion Friends comprenant:<\/p>\n<p>Un pantacourt couliss\u00e9 blanc<\/p>\n<p>Une blouse \u00e0 volants en Liberty<\/p>\n<p>un bandeau assorti<\/p>\n","protected":false},"excerpt":{"rendered":"<p>Ensemble 3 pi\u00e8ces estival pour fashion friends<\/p>\n","protected":false},"featured_media":3172,"comment_status":"open","ping_status":"closed","template":"","meta":[],"product_brand":[],"product_cat":[17],"product_tag":[],"class_list":{"0":"post-3171","1":"product","2":"type-product","3":"status-publish","4":"has-post-thumbnail","6":"product_cat-vetements","8":"first","9":"outofstock","10":"shipping-taxable","11":"purchasable","12":"product-type-simple"},"jetpack_sharing_enabled":true,"_links":{"self":[{"href":"https:\/\/boutique.vaniline.com\/index.php\/wp-json\/wp\/v2\/product\/3171","targetHints":{"allow":["GET"]}}],"collection":[{"href":"https:\/\/boutique.vaniline.com\/index.php\/wp-json\/wp\/v2\/product"}],"about":[{"href":"https:\/\/boutique.vaniline.com\/index.php\/wp-json\/wp\/v2\/types\/product"}],"replies":[{"embeddable":true,"href":"https:\/\/boutique.vaniline.com\/index.php\/wp-json\/wp\/v2\/comments?post=3171"}],"wp:featuredmedia":[{"embeddable":true,"href":"https:\/\/boutique.vaniline.com\/index.php\/wp-json\/wp\/v2\/media\/3172"}],"wp:attachment":[{"href":"https:\/\/boutique.vaniline.com\/index.php\/wp-json\/wp\/v2\/media?parent=3171"}],"wp:term":[{"taxonomy":"product_brand","embeddable":true,"href":"https:\/\/boutique.vaniline.com\/index.php\/wp-json\/wp\/v2\/product_brand?post=3171"},{"taxonomy":"product_cat","embeddable":true,"href":"https:\/\/boutique.vaniline.com\/index.php\/wp-json\/wp\/v2\/product_cat?post=3171"},{"taxonomy":"product_tag","embeddable":true,"href":"https:\/\/boutique.vaniline.com\/index.php\/wp-json\/wp\/v2\/product_tag?post=3171"}],"curies":[{"name":"wp","href":"https:\/\/api.w.org\/{rel}","templated":true}]}}