{"id":3584,"date":"2022-07-13T14:55:47","date_gmt":"2022-07-13T12:55:47","guid":{"rendered":"https:\/\/boutique.vaniline.com\/?post_type=product&#038;p=3584"},"modified":"2022-07-13T15:00:20","modified_gmt":"2022-07-13T13:00:20","slug":"gracie-tunique-a-bretelles-et-short","status":"publish","type":"product","link":"https:\/\/boutique.vaniline.com\/index.php\/produit\/gracie-tunique-a-bretelles-et-short\/","title":{"rendered":"Gracie &#8211; Tunique \u00e0 bretelles et short"},"content":{"rendered":"<p>Ce patron comprend l&rsquo;image du patron et le patron lui-m\u00eame \u00e0 t\u00e9l\u00e9charger tout de suite.<\/p>\n<p>Les explications sont en libre acc\u00e8s sur mon blog \u00ab\u00a0Ma p&rsquo;tite \u00e9cole de couture\u00a0\u00bb: <a href=\"http:\/\/poupeecouture.canalblog.com\/\" target=\"_blank\" rel=\"noopener noreferrer\">http:\/\/poupeecouture.canalblog.com\/<\/a><\/p>\n<p>Pattern only! explanations are on my blog in french :<a href=\"http:\/\/poupeecouture.canalblog.com\/\" target=\"_blank\" rel=\"noopener noreferrer\"> http:\/\/poupeecouture.canalblog.com\/<\/a><\/p>\n<p>&nbsp;<\/p>\n<p>Le patron permet de r\u00e9aliser une tunique \u00e0 bretelles \u00e0 double volant et un short \u00e0 vraies poches et \u00e9lastiqu\u00e9 \u00e0 la taille.<\/p>\n<p>Il convient aux Kaye Wiggs MSD , aux poup\u00e9es Yella de Schildkr\u00f6t, aux Starlettes Petitcollin de Sylvia Natterer .<\/p>\n","protected":false},"excerpt":{"rendered":"<p>Patron, tuto couture pour poup\u00e9e 40-45 cm fine comme Yella de Schildkr\u00f6t, Starlette Petitcollin , MSD de Kaye Wiggs .<br \/>\nCe mod\u00e8le permet de r\u00e9aliser une tunique double \u00e0 bretelles et un short<\/p>\n","protected":false},"featured_media":3586,"comment_status":"open","ping_status":"closed","template":"","meta":[],"product_brand":[],"product_cat":[16,33],"product_tag":[],"class_list":{"0":"post-3584","1":"product","2":"type-product","3":"status-publish","4":"has-post-thumbnail","6":"product_cat-patrons","7":"product_cat-poupees-fines-40-45cm","9":"first","10":"instock","11":"downloadable","12":"virtual","13":"purchasable","14":"product-type-simple"},"jetpack_sharing_enabled":true,"_links":{"self":[{"href":"https:\/\/boutique.vaniline.com\/index.php\/wp-json\/wp\/v2\/product\/3584","targetHints":{"allow":["GET"]}}],"collection":[{"href":"https:\/\/boutique.vaniline.com\/index.php\/wp-json\/wp\/v2\/product"}],"about":[{"href":"https:\/\/boutique.vaniline.com\/index.php\/wp-json\/wp\/v2\/types\/product"}],"replies":[{"embeddable":true,"href":"https:\/\/boutique.vaniline.com\/index.php\/wp-json\/wp\/v2\/comments?post=3584"}],"wp:featuredmedia":[{"embeddable":true,"href":"https:\/\/boutique.vaniline.com\/index.php\/wp-json\/wp\/v2\/media\/3586"}],"wp:attachment":[{"href":"https:\/\/boutique.vaniline.com\/index.php\/wp-json\/wp\/v2\/media?parent=3584"}],"wp:term":[{"taxonomy":"product_brand","embeddable":true,"href":"https:\/\/boutique.vaniline.com\/index.php\/wp-json\/wp\/v2\/product_brand?post=3584"},{"taxonomy":"product_cat","embeddable":true,"href":"https:\/\/boutique.vaniline.com\/index.php\/wp-json\/wp\/v2\/product_cat?post=3584"},{"taxonomy":"product_tag","embeddable":true,"href":"https:\/\/boutique.vaniline.com\/index.php\/wp-json\/wp\/v2\/product_tag?post=3584"}],"curies":[{"name":"wp","href":"https:\/\/api.w.org\/{rel}","templated":true}]}}