{"id":3660,"date":"2022-08-08T17:28:18","date_gmt":"2022-08-08T15:28:18","guid":{"rendered":"https:\/\/boutique.vaniline.com\/?post_type=product&#038;p=3660"},"modified":"2026-04-06T16:01:01","modified_gmt":"2026-04-06T14:01:01","slug":"robe-a-bretelles-en-liberty-pour-meadowdolls-bb-ou-gotz-18-2","status":"publish","type":"product","link":"https:\/\/boutique.vaniline.com\/index.php\/produit\/robe-a-bretelles-en-liberty-pour-meadowdolls-bb-ou-gotz-18-2\/","title":{"rendered":"Robe \u00e0 bretelles en Liberty  pour meadowdolls BB ou G\u00f6tz 18&Prime;"},"content":{"rendered":"<p>Robe \u00e0 bretelles en Liberty et dentelle ancienne pour poup\u00e9es de 45cm comme les BB de My Meadow ou G\u00f6tz 18&Prime;<\/p>\n<p>&nbsp;<\/p>\n","protected":false},"excerpt":{"rendered":"<p>Robe \u00e0 bretelles en Liberty jaune pour Poup\u00e9es 18&Prime;<\/p>\n","protected":false},"featured_media":3661,"comment_status":"open","ping_status":"closed","template":"","meta":[],"product_brand":[],"product_cat":[17],"product_tag":[],"class_list":{"0":"post-3660","1":"product","2":"type-product","3":"status-publish","4":"has-post-thumbnail","6":"product_cat-vetements","8":"first","9":"outofstock","10":"shipping-taxable","11":"purchasable","12":"product-type-simple"},"jetpack_sharing_enabled":true,"_links":{"self":[{"href":"https:\/\/boutique.vaniline.com\/index.php\/wp-json\/wp\/v2\/product\/3660","targetHints":{"allow":["GET"]}}],"collection":[{"href":"https:\/\/boutique.vaniline.com\/index.php\/wp-json\/wp\/v2\/product"}],"about":[{"href":"https:\/\/boutique.vaniline.com\/index.php\/wp-json\/wp\/v2\/types\/product"}],"replies":[{"embeddable":true,"href":"https:\/\/boutique.vaniline.com\/index.php\/wp-json\/wp\/v2\/comments?post=3660"}],"wp:featuredmedia":[{"embeddable":true,"href":"https:\/\/boutique.vaniline.com\/index.php\/wp-json\/wp\/v2\/media\/3661"}],"wp:attachment":[{"href":"https:\/\/boutique.vaniline.com\/index.php\/wp-json\/wp\/v2\/media?parent=3660"}],"wp:term":[{"taxonomy":"product_brand","embeddable":true,"href":"https:\/\/boutique.vaniline.com\/index.php\/wp-json\/wp\/v2\/product_brand?post=3660"},{"taxonomy":"product_cat","embeddable":true,"href":"https:\/\/boutique.vaniline.com\/index.php\/wp-json\/wp\/v2\/product_cat?post=3660"},{"taxonomy":"product_tag","embeddable":true,"href":"https:\/\/boutique.vaniline.com\/index.php\/wp-json\/wp\/v2\/product_tag?post=3660"}],"curies":[{"name":"wp","href":"https:\/\/api.w.org\/{rel}","templated":true}]}}