{"id":3702,"date":"2022-08-29T16:42:27","date_gmt":"2022-08-29T14:42:27","guid":{"rendered":"https:\/\/boutique.vaniline.com\/?post_type=product&#038;p=3702"},"modified":"2026-04-06T16:01:01","modified_gmt":"2026-04-06T14:01:01","slug":"ensemble-tricot-bleu-pour-meadowdolls-dumpling","status":"publish","type":"product","link":"https:\/\/boutique.vaniline.com\/index.php\/produit\/ensemble-tricot-bleu-pour-meadowdolls-dumpling\/","title":{"rendered":"Ensemble tricot bleu pour meadowdolls Dumpling"},"content":{"rendered":"<p>L&rsquo;ensemble est tricot\u00e9 d&rsquo;apr\u00e8s un mod\u00e8le de Soudane (\u00ab\u00a0O\u00f9 sont mes chaussures?\u00a0\u00bb) , il comprend:<\/p>\n<p>une robe tricot\u00e9e<\/p>\n<p>un b\u00e9ret<\/p>\n<p>un gilet<\/p>\n<p>un panty en Liberty<\/p>\n","protected":false},"excerpt":{"rendered":"<p>Ensemble 4 pi\u00e8ces tricot bleu pour Dumpling<\/p>\n","protected":false},"featured_media":3703,"comment_status":"open","ping_status":"closed","template":"","meta":[],"product_brand":[],"product_cat":[17],"product_tag":[],"class_list":{"0":"post-3702","1":"product","2":"type-product","3":"status-publish","4":"has-post-thumbnail","6":"product_cat-vetements","8":"first","9":"outofstock","10":"shipping-taxable","11":"purchasable","12":"product-type-simple"},"jetpack_sharing_enabled":true,"_links":{"self":[{"href":"https:\/\/boutique.vaniline.com\/index.php\/wp-json\/wp\/v2\/product\/3702","targetHints":{"allow":["GET"]}}],"collection":[{"href":"https:\/\/boutique.vaniline.com\/index.php\/wp-json\/wp\/v2\/product"}],"about":[{"href":"https:\/\/boutique.vaniline.com\/index.php\/wp-json\/wp\/v2\/types\/product"}],"replies":[{"embeddable":true,"href":"https:\/\/boutique.vaniline.com\/index.php\/wp-json\/wp\/v2\/comments?post=3702"}],"wp:featuredmedia":[{"embeddable":true,"href":"https:\/\/boutique.vaniline.com\/index.php\/wp-json\/wp\/v2\/media\/3703"}],"wp:attachment":[{"href":"https:\/\/boutique.vaniline.com\/index.php\/wp-json\/wp\/v2\/media?parent=3702"}],"wp:term":[{"taxonomy":"product_brand","embeddable":true,"href":"https:\/\/boutique.vaniline.com\/index.php\/wp-json\/wp\/v2\/product_brand?post=3702"},{"taxonomy":"product_cat","embeddable":true,"href":"https:\/\/boutique.vaniline.com\/index.php\/wp-json\/wp\/v2\/product_cat?post=3702"},{"taxonomy":"product_tag","embeddable":true,"href":"https:\/\/boutique.vaniline.com\/index.php\/wp-json\/wp\/v2\/product_tag?post=3702"}],"curies":[{"name":"wp","href":"https:\/\/api.w.org\/{rel}","templated":true}]}}