{"id":375,"date":"2020-08-21T12:04:01","date_gmt":"2020-08-21T10:04:01","guid":{"rendered":"https:\/\/boutique.vaniline.com\/?post_type=product&#038;p=375"},"modified":"2025-05-22T11:42:33","modified_gmt":"2025-05-22T09:42:33","slug":"serie-complete-patrons-poupees-45-55cm","status":"publish","type":"product","link":"https:\/\/boutique.vaniline.com\/index.php\/produit\/serie-complete-patrons-poupees-45-55cm\/","title":{"rendered":"S\u00e9rie compl\u00e8te &#8211; Patrons poup\u00e9es 45-55cm"},"content":{"rendered":"<p>Ensemble des 20 patrons disponibles pour les grandes poup\u00e9es 45-55cm comme les G\u00f6tz, Kidz n cats, meadowdolls 18&Prime; et 21&Prime; Saffi, Ardyn , Zwergn\u00e4se 50 et 55cm, Maru and friends, Finouches etc&#8230;<\/p>\n<p>Les patrons P, Q, R et Scontiennent aussi la taille de Ma\u00e9 et Aya de My meadow<\/p>\n<p>les patrons sont nomm\u00e9s de A \u00e0 T<\/p>\n","protected":false},"excerpt":{"rendered":"<p>Ensemble des 20 patrons disponibles pour les grandes poup\u00e9es 45-55cm de A \u00e0 T<\/p>\n<p>&nbsp;<\/p>\n","protected":false},"featured_media":377,"comment_status":"open","ping_status":"closed","template":"","meta":[],"product_brand":[],"product_cat":[16,27,31],"product_tag":[],"class_list":{"0":"post-375","1":"product","2":"type-product","3":"status-publish","4":"has-post-thumbnail","6":"product_cat-patrons","7":"product_cat-poupees-45-55cm","8":"product_cat-series-completes","10":"first","11":"instock","12":"downloadable","13":"virtual","14":"purchasable","15":"product-type-simple"},"jetpack_sharing_enabled":true,"_links":{"self":[{"href":"https:\/\/boutique.vaniline.com\/index.php\/wp-json\/wp\/v2\/product\/375","targetHints":{"allow":["GET"]}}],"collection":[{"href":"https:\/\/boutique.vaniline.com\/index.php\/wp-json\/wp\/v2\/product"}],"about":[{"href":"https:\/\/boutique.vaniline.com\/index.php\/wp-json\/wp\/v2\/types\/product"}],"replies":[{"embeddable":true,"href":"https:\/\/boutique.vaniline.com\/index.php\/wp-json\/wp\/v2\/comments?post=375"}],"wp:featuredmedia":[{"embeddable":true,"href":"https:\/\/boutique.vaniline.com\/index.php\/wp-json\/wp\/v2\/media\/377"}],"wp:attachment":[{"href":"https:\/\/boutique.vaniline.com\/index.php\/wp-json\/wp\/v2\/media?parent=375"}],"wp:term":[{"taxonomy":"product_brand","embeddable":true,"href":"https:\/\/boutique.vaniline.com\/index.php\/wp-json\/wp\/v2\/product_brand?post=375"},{"taxonomy":"product_cat","embeddable":true,"href":"https:\/\/boutique.vaniline.com\/index.php\/wp-json\/wp\/v2\/product_cat?post=375"},{"taxonomy":"product_tag","embeddable":true,"href":"https:\/\/boutique.vaniline.com\/index.php\/wp-json\/wp\/v2\/product_tag?post=375"}],"curies":[{"name":"wp","href":"https:\/\/api.w.org\/{rel}","templated":true}]}}