{"id":3898,"date":"2022-10-25T10:07:07","date_gmt":"2022-10-25T08:07:07","guid":{"rendered":"https:\/\/boutique.vaniline.com\/?post_type=product&#038;p=3898"},"modified":"2026-04-06T16:01:01","modified_gmt":"2026-04-06T14:01:01","slug":"ensemble-dautomne-pour-yella-de-schildkrot","status":"publish","type":"product","link":"https:\/\/boutique.vaniline.com\/index.php\/produit\/ensemble-dautomne-pour-yella-de-schildkrot\/","title":{"rendered":"Ensemble d&rsquo;automne pour Yella de Schildkr\u00f6t"},"content":{"rendered":"<p>L&rsquo;ensemble 4 pi\u00e8ces convient aux Yella de schildkr\u00f6t<\/p>\n<p>Robe salopette en velours milleraies motifs d&rsquo;automne<\/p>\n<p>T-shirt col en jersey rouille<\/p>\n<p>Collants en jersey ray\u00e9<\/p>\n","protected":false},"excerpt":{"rendered":"<p>Ensemble d&rsquo;automne pour Yella de Schilkr\u00f6t<\/p>\n","protected":false},"featured_media":3899,"comment_status":"open","ping_status":"closed","template":"","meta":[],"product_brand":[],"product_cat":[17],"product_tag":[],"class_list":{"0":"post-3898","1":"product","2":"type-product","3":"status-publish","4":"has-post-thumbnail","6":"product_cat-vetements","8":"first","9":"outofstock","10":"shipping-taxable","11":"purchasable","12":"product-type-simple"},"jetpack_sharing_enabled":true,"_links":{"self":[{"href":"https:\/\/boutique.vaniline.com\/index.php\/wp-json\/wp\/v2\/product\/3898","targetHints":{"allow":["GET"]}}],"collection":[{"href":"https:\/\/boutique.vaniline.com\/index.php\/wp-json\/wp\/v2\/product"}],"about":[{"href":"https:\/\/boutique.vaniline.com\/index.php\/wp-json\/wp\/v2\/types\/product"}],"replies":[{"embeddable":true,"href":"https:\/\/boutique.vaniline.com\/index.php\/wp-json\/wp\/v2\/comments?post=3898"}],"wp:featuredmedia":[{"embeddable":true,"href":"https:\/\/boutique.vaniline.com\/index.php\/wp-json\/wp\/v2\/media\/3899"}],"wp:attachment":[{"href":"https:\/\/boutique.vaniline.com\/index.php\/wp-json\/wp\/v2\/media?parent=3898"}],"wp:term":[{"taxonomy":"product_brand","embeddable":true,"href":"https:\/\/boutique.vaniline.com\/index.php\/wp-json\/wp\/v2\/product_brand?post=3898"},{"taxonomy":"product_cat","embeddable":true,"href":"https:\/\/boutique.vaniline.com\/index.php\/wp-json\/wp\/v2\/product_cat?post=3898"},{"taxonomy":"product_tag","embeddable":true,"href":"https:\/\/boutique.vaniline.com\/index.php\/wp-json\/wp\/v2\/product_tag?post=3898"}],"curies":[{"name":"wp","href":"https:\/\/api.w.org\/{rel}","templated":true}]}}