{"id":4036,"date":"2022-12-08T09:51:54","date_gmt":"2022-12-08T08:51:54","guid":{"rendered":"https:\/\/boutique.vaniline.com\/?post_type=product&#038;p=4036"},"modified":"2026-04-06T16:01:00","modified_gmt":"2026-04-06T14:01:00","slug":"robe-de-noel-bleue-pour-yella-de-schildkrot","status":"publish","type":"product","link":"https:\/\/boutique.vaniline.com\/index.php\/produit\/robe-de-noel-bleue-pour-yella-de-schildkrot\/","title":{"rendered":"Robe de No\u00ebl bleue pour Yella de Schildkr\u00f6t"},"content":{"rendered":"<p>L&rsquo;ensemble 3 pi\u00e8ces convient aux Yella de schildkr\u00f6t<\/p>\n<p>Robe bleue en jean \u00e0 \u00e9toiles et Liberty<\/p>\n<p>Collants roses<\/p>\n<p>bandeau assorti<\/p>\n","protected":false},"excerpt":{"rendered":"<p>Robe de No\u00ebl bleue\u00a0 pour Yella de Schilkr\u00f6t<\/p>\n","protected":false},"featured_media":4037,"comment_status":"open","ping_status":"closed","template":"","meta":[],"product_brand":[],"product_cat":[17],"product_tag":[],"class_list":{"0":"post-4036","1":"product","2":"type-product","3":"status-publish","4":"has-post-thumbnail","6":"product_cat-vetements","8":"first","9":"outofstock","10":"shipping-taxable","11":"purchasable","12":"product-type-simple"},"jetpack_sharing_enabled":true,"_links":{"self":[{"href":"https:\/\/boutique.vaniline.com\/index.php\/wp-json\/wp\/v2\/product\/4036","targetHints":{"allow":["GET"]}}],"collection":[{"href":"https:\/\/boutique.vaniline.com\/index.php\/wp-json\/wp\/v2\/product"}],"about":[{"href":"https:\/\/boutique.vaniline.com\/index.php\/wp-json\/wp\/v2\/types\/product"}],"replies":[{"embeddable":true,"href":"https:\/\/boutique.vaniline.com\/index.php\/wp-json\/wp\/v2\/comments?post=4036"}],"wp:featuredmedia":[{"embeddable":true,"href":"https:\/\/boutique.vaniline.com\/index.php\/wp-json\/wp\/v2\/media\/4037"}],"wp:attachment":[{"href":"https:\/\/boutique.vaniline.com\/index.php\/wp-json\/wp\/v2\/media?parent=4036"}],"wp:term":[{"taxonomy":"product_brand","embeddable":true,"href":"https:\/\/boutique.vaniline.com\/index.php\/wp-json\/wp\/v2\/product_brand?post=4036"},{"taxonomy":"product_cat","embeddable":true,"href":"https:\/\/boutique.vaniline.com\/index.php\/wp-json\/wp\/v2\/product_cat?post=4036"},{"taxonomy":"product_tag","embeddable":true,"href":"https:\/\/boutique.vaniline.com\/index.php\/wp-json\/wp\/v2\/product_tag?post=4036"}],"curies":[{"name":"wp","href":"https:\/\/api.w.org\/{rel}","templated":true}]}}