{"id":4376,"date":"2023-03-13T09:51:44","date_gmt":"2023-03-13T08:51:44","guid":{"rendered":"https:\/\/boutique.vaniline.com\/?post_type=product&#038;p=4376"},"modified":"2023-03-13T09:58:34","modified_gmt":"2023-03-13T08:58:34","slug":"gemma-manteau-classique-pour-ruby-red-fashion-friends","status":"publish","type":"product","link":"https:\/\/boutique.vaniline.com\/index.php\/produit\/gemma-manteau-classique-pour-ruby-red-fashion-friends\/","title":{"rendered":"Gemma -Manteau Classique pour  Ruby Red Fashion Friends"},"content":{"rendered":"<p>Ce patron comprend l&rsquo;image du patron et le patron lui-m\u00eame \u00e0 t\u00e9l\u00e9charger tout de suite.<\/p>\n<p>Les explications sont en libre acc\u00e8s sur mon blog \u00ab\u00a0Ma p&rsquo;tite \u00e9cole de couture\u00a0\u00bb: <a href=\"http:\/\/poupeecouture.canalblog.com\/\" target=\"_blank\" rel=\"noopener noreferrer\">http:\/\/poupeecouture.canalblog.com\/<\/a><\/p>\n<p>Pattern only! explanations are on my blog in french :<a href=\"http:\/\/poupeecouture.canalblog.com\/\" target=\"_blank\" rel=\"noopener noreferrer\"> http:\/\/poupeecouture.canalblog.com\/<\/a><\/p>\n<p>ATTENTION! Ce manteau est une copie \u00e0 85% du patron Gemma pour poup\u00e9es fines de 45cm (starlettes\/Yella) Il peut faire double emploi si vous avez d\u00e9j\u00e0 ce patron!<\/p>\n<p>Le patron permet de r\u00e9aliser un manteau droit \u00e0 col et fausses poches.<\/p>\n<p>Il convient aux\u00a0 Ruby Red Fashion Friends.<\/p>\n","protected":false},"excerpt":{"rendered":"<p>Patron, tuto couture pour poup\u00e9e Ruby Red Fashion Friends<br \/>\nCe mod\u00e8le permet de r\u00e9aliser un manteau classique .<\/p>\n","protected":false},"featured_media":4378,"comment_status":"open","ping_status":"closed","template":"","meta":[],"product_brand":[],"product_cat":[25,16],"product_tag":[],"class_list":{"0":"post-4376","1":"product","2":"type-product","3":"status-publish","4":"has-post-thumbnail","6":"product_cat-fashion-friends","7":"product_cat-patrons","9":"first","10":"instock","11":"downloadable","12":"virtual","13":"purchasable","14":"product-type-simple"},"jetpack_sharing_enabled":true,"_links":{"self":[{"href":"https:\/\/boutique.vaniline.com\/index.php\/wp-json\/wp\/v2\/product\/4376","targetHints":{"allow":["GET"]}}],"collection":[{"href":"https:\/\/boutique.vaniline.com\/index.php\/wp-json\/wp\/v2\/product"}],"about":[{"href":"https:\/\/boutique.vaniline.com\/index.php\/wp-json\/wp\/v2\/types\/product"}],"replies":[{"embeddable":true,"href":"https:\/\/boutique.vaniline.com\/index.php\/wp-json\/wp\/v2\/comments?post=4376"}],"wp:featuredmedia":[{"embeddable":true,"href":"https:\/\/boutique.vaniline.com\/index.php\/wp-json\/wp\/v2\/media\/4378"}],"wp:attachment":[{"href":"https:\/\/boutique.vaniline.com\/index.php\/wp-json\/wp\/v2\/media?parent=4376"}],"wp:term":[{"taxonomy":"product_brand","embeddable":true,"href":"https:\/\/boutique.vaniline.com\/index.php\/wp-json\/wp\/v2\/product_brand?post=4376"},{"taxonomy":"product_cat","embeddable":true,"href":"https:\/\/boutique.vaniline.com\/index.php\/wp-json\/wp\/v2\/product_cat?post=4376"},{"taxonomy":"product_tag","embeddable":true,"href":"https:\/\/boutique.vaniline.com\/index.php\/wp-json\/wp\/v2\/product_tag?post=4376"}],"curies":[{"name":"wp","href":"https:\/\/api.w.org\/{rel}","templated":true}]}}