{"id":550,"date":"2020-08-31T15:01:56","date_gmt":"2020-08-31T13:01:56","guid":{"rendered":"https:\/\/boutique.vaniline.com\/?post_type=product&#038;p=550"},"modified":"2025-05-22T11:35:45","modified_gmt":"2025-05-22T09:35:45","slug":"g-manteau","status":"publish","type":"product","link":"https:\/\/boutique.vaniline.com\/index.php\/produit\/g-manteau\/","title":{"rendered":"G- Manteau"},"content":{"rendered":"<p>Cet article comprend l&#8217;image du patron et le patron lui-m\u00eame. Les explications de couture ne sont pas comprises.<\/p>\n<p>Il convient aux poup\u00e9es de 45 \u00e0 55 cm ou 18&#8243;\u00a0 \u00a0comme les Zwergnase Junior, les Kidz &#8216;n&#8217; cats, les G\u00f6tz classic kidz et Happy kidz, les BJD de My Meadow 18&#8243; (Saffi, Bailey&#8230;) , les Maru and Friends 50 cm et les finouches de Sylvia Natterer.<\/p>\n<p>Les explications sont en libre acc\u00e8s sur mon blog &#8220;Ma p&#8217;tite \u00e9cole de couture&#8221;, les cat\u00e9gories sont indiqu\u00e9es sur le patron : <a href=\"http:\/\/poupeecouture.canalblog.com\/\" target=\"_blank\" rel=\"noopener noreferrer\">http:\/\/poupeecouture.canalblog.com\/<\/a><\/p>\n<p>Pattern only! explanations are on my blog in french :<a href=\"http:\/\/poupeecouture.canalblog.com\/\" target=\"_blank\" rel=\"noopener noreferrer\"> http:\/\/poupeecouture.canalblog.com\/<\/a><\/p>\n<p>Le patron permet de coudre un manteau de type veste paletot ou caban \u00e0 col et\/ou capuche.<\/p>\n","protected":false},"excerpt":{"rendered":"<p>Patron de couture pour poup\u00e9es de 45 \u00e0 55 cm ou 18&#8243;.<\/p>\n<p>Ce patron permet de r\u00e9aliser une veste paletot ou un caban<\/p>\n","protected":false},"featured_media":536,"comment_status":"open","ping_status":"closed","template":"","meta":[],"class_list":{"0":"post-550","1":"product","2":"type-product","3":"status-publish","4":"has-post-thumbnail","6":"product_cat-patrons","7":"product_cat-poupees-45-55cm","9":"first","10":"instock","11":"downloadable","12":"virtual","13":"purchasable","14":"product-type-simple"},"jetpack_sharing_enabled":true,"_links":{"self":[{"href":"https:\/\/boutique.vaniline.com\/index.php\/wp-json\/wp\/v2\/product\/550","targetHints":{"allow":["GET"]}}],"collection":[{"href":"https:\/\/boutique.vaniline.com\/index.php\/wp-json\/wp\/v2\/product"}],"about":[{"href":"https:\/\/boutique.vaniline.com\/index.php\/wp-json\/wp\/v2\/types\/product"}],"replies":[{"embeddable":true,"href":"https:\/\/boutique.vaniline.com\/index.php\/wp-json\/wp\/v2\/comments?post=550"}],"wp:featuredmedia":[{"embeddable":true,"href":"https:\/\/boutique.vaniline.com\/index.php\/wp-json\/wp\/v2\/media\/536"}],"wp:attachment":[{"href":"https:\/\/boutique.vaniline.com\/index.php\/wp-json\/wp\/v2\/media?parent=550"}],"curies":[{"name":"wp","href":"https:\/\/api.w.org\/{rel}","templated":true}]}}