{"id":554,"date":"2020-08-31T15:07:02","date_gmt":"2020-08-31T13:07:02","guid":{"rendered":"https:\/\/boutique.vaniline.com\/?post_type=product&#038;p=554"},"modified":"2025-05-22T11:35:17","modified_gmt":"2025-05-22T09:35:17","slug":"h-robe-de-fete-et-chapeau","status":"publish","type":"product","link":"https:\/\/boutique.vaniline.com\/index.php\/produit\/h-robe-de-fete-et-chapeau\/","title":{"rendered":"H- Robe de f\u00eate et chapeau"},"content":{"rendered":"<p>Cet article comprend l&rsquo;image du patron et le patron lui-m\u00eame. Les explications de couture ne sont pas comprises.<\/p>\n<p>Il convient aux poup\u00e9es de 45 \u00e0 55 cm ou 18&Prime;\u00a0 \u00a0comme les Zwergnase Junior, les Kidz &lsquo;n&rsquo; cats, les G\u00f6tz classic kidz et Happy kidz, les BJD de My Meadow 18&Prime; (Saffi, Bailey&#8230;) , les Maru and Friends 50 cm et les finouches de Sylvia Natterer.<\/p>\n<p>Les explications sont en libre acc\u00e8s sur mon blog \u00ab\u00a0Ma p&rsquo;tite \u00e9cole de couture\u00a0\u00bb, les cat\u00e9gories sont indiqu\u00e9es sur le patron : <a href=\"http:\/\/poupeecouture.canalblog.com\/\" target=\"_blank\" rel=\"noopener noreferrer\">http:\/\/poupeecouture.canalblog.com\/<\/a><\/p>\n<p>Pattern only! explanations are on my blog in french :<a href=\"http:\/\/poupeecouture.canalblog.com\/\" target=\"_blank\" rel=\"noopener noreferrer\"> http:\/\/poupeecouture.canalblog.com\/<\/a><\/p>\n<p>Le patron permet de coudre une robe avec double volant dont un festonn\u00e9 (robe \u00ab\u00a0p\u00e9tale\u00a0\u00bb) avec un col Claudine ou non et des volants aux \u00e9paules ou non. Chapeau r\u00e9versible assorti.<\/p>\n","protected":false},"excerpt":{"rendered":"<p>Patron de couture pour poup\u00e9es de 45 \u00e0 55 cm ou 18&Prime;.<\/p>\n<p>Ce patron permet de r\u00e9aliser une robe de f\u00eate (hiver ou \u00e9t\u00e9) et son chapeau assorti.<\/p>\n","protected":false},"featured_media":537,"comment_status":"open","ping_status":"closed","template":"","meta":[],"product_brand":[],"product_cat":[16,27],"product_tag":[],"class_list":{"0":"post-554","1":"product","2":"type-product","3":"status-publish","4":"has-post-thumbnail","6":"product_cat-patrons","7":"product_cat-poupees-45-55cm","9":"first","10":"instock","11":"downloadable","12":"virtual","13":"purchasable","14":"product-type-simple"},"jetpack_sharing_enabled":true,"_links":{"self":[{"href":"https:\/\/boutique.vaniline.com\/index.php\/wp-json\/wp\/v2\/product\/554","targetHints":{"allow":["GET"]}}],"collection":[{"href":"https:\/\/boutique.vaniline.com\/index.php\/wp-json\/wp\/v2\/product"}],"about":[{"href":"https:\/\/boutique.vaniline.com\/index.php\/wp-json\/wp\/v2\/types\/product"}],"replies":[{"embeddable":true,"href":"https:\/\/boutique.vaniline.com\/index.php\/wp-json\/wp\/v2\/comments?post=554"}],"wp:featuredmedia":[{"embeddable":true,"href":"https:\/\/boutique.vaniline.com\/index.php\/wp-json\/wp\/v2\/media\/537"}],"wp:attachment":[{"href":"https:\/\/boutique.vaniline.com\/index.php\/wp-json\/wp\/v2\/media?parent=554"}],"wp:term":[{"taxonomy":"product_brand","embeddable":true,"href":"https:\/\/boutique.vaniline.com\/index.php\/wp-json\/wp\/v2\/product_brand?post=554"},{"taxonomy":"product_cat","embeddable":true,"href":"https:\/\/boutique.vaniline.com\/index.php\/wp-json\/wp\/v2\/product_cat?post=554"},{"taxonomy":"product_tag","embeddable":true,"href":"https:\/\/boutique.vaniline.com\/index.php\/wp-json\/wp\/v2\/product_tag?post=554"}],"curies":[{"name":"wp","href":"https:\/\/api.w.org\/{rel}","templated":true}]}}