{"id":5658,"date":"2024-05-23T17:52:42","date_gmt":"2024-05-23T15:52:42","guid":{"rendered":"https:\/\/boutique.vaniline.com\/?post_type=product&#038;p=5658"},"modified":"2024-05-23T18:00:45","modified_gmt":"2024-05-23T16:00:45","slug":"patron-fantine-jupe-longue-et-blouse-froncee","status":"publish","type":"product","link":"https:\/\/boutique.vaniline.com\/index.php\/produit\/patron-fantine-jupe-longue-et-blouse-froncee\/","title":{"rendered":"Patron Fantine &#8211; Jupe longue et blouse fronc\u00e9e"},"content":{"rendered":"<p>Ce patron comprend l&rsquo;image du patron (pour les fashion Friends et Little Kidz et pour les Moppets) et le patron lui-m\u00eame \u00e0 t\u00e9l\u00e9charger tout de suite.<\/p>\n<p>Les explications sont en libre acc\u00e8s sur mon blog \u00ab\u00a0Ma p&rsquo;tite \u00e9cole de couture\u00a0\u00bb: <a href=\"http:\/\/poupeecouture.canalblog.com\/\" target=\"_blank\" rel=\"noopener noreferrer\">http:\/\/poupeecouture.canalblog.com\/<\/a><\/p>\n<p>Pattern only! explanations are on my blog in french :<a href=\"http:\/\/poupeecouture.canalblog.com\/\" target=\"_blank\" rel=\"noopener noreferrer\"> http:\/\/poupeecouture.canalblog.com\/<\/a><\/p>\n<p>&nbsp;<\/p>\n<p>Le patron permet de r\u00e9aliser :<\/p>\n<p>une jupe longue ou jupe-culotte \u00e0 grandes poches , faux boutonnage devant, \u00e9lastiqu\u00e9e \u00e0 la taille<\/p>\n<p>Une blouse fronc\u00e9e avec volant \u00e0 l&rsquo;encolure, manches courtes<\/p>\n<p>Une ceinture compl\u00e8tera l&rsquo;ensemble, explications dans la cat\u00e9gorie \u00ab\u00a0accessoires\u00a0\u00bb sur mon blog: http:\/\/poupeecouture.canalblog.com\/<\/p>\n","protected":false},"excerpt":{"rendered":"<p>Patron, tuto couture pour poup\u00e9e Ruby Red Fashion Friends et Little Kidz de G\u00f6tz<br \/>\nCe mod\u00e8le permet de r\u00e9aliser une jupe longue ou jupe culotte et une blouse fronc\u00e9e<\/p>\n","protected":false},"featured_media":5660,"comment_status":"open","ping_status":"closed","template":"","meta":[],"product_brand":[],"product_cat":[25,16],"product_tag":[],"class_list":{"0":"post-5658","1":"product","2":"type-product","3":"status-publish","4":"has-post-thumbnail","6":"product_cat-fashion-friends","7":"product_cat-patrons","9":"first","10":"instock","11":"downloadable","12":"virtual","13":"purchasable","14":"product-type-simple"},"jetpack_sharing_enabled":true,"_links":{"self":[{"href":"https:\/\/boutique.vaniline.com\/index.php\/wp-json\/wp\/v2\/product\/5658","targetHints":{"allow":["GET"]}}],"collection":[{"href":"https:\/\/boutique.vaniline.com\/index.php\/wp-json\/wp\/v2\/product"}],"about":[{"href":"https:\/\/boutique.vaniline.com\/index.php\/wp-json\/wp\/v2\/types\/product"}],"replies":[{"embeddable":true,"href":"https:\/\/boutique.vaniline.com\/index.php\/wp-json\/wp\/v2\/comments?post=5658"}],"wp:featuredmedia":[{"embeddable":true,"href":"https:\/\/boutique.vaniline.com\/index.php\/wp-json\/wp\/v2\/media\/5660"}],"wp:attachment":[{"href":"https:\/\/boutique.vaniline.com\/index.php\/wp-json\/wp\/v2\/media?parent=5658"}],"wp:term":[{"taxonomy":"product_brand","embeddable":true,"href":"https:\/\/boutique.vaniline.com\/index.php\/wp-json\/wp\/v2\/product_brand?post=5658"},{"taxonomy":"product_cat","embeddable":true,"href":"https:\/\/boutique.vaniline.com\/index.php\/wp-json\/wp\/v2\/product_cat?post=5658"},{"taxonomy":"product_tag","embeddable":true,"href":"https:\/\/boutique.vaniline.com\/index.php\/wp-json\/wp\/v2\/product_tag?post=5658"}],"curies":[{"name":"wp","href":"https:\/\/api.w.org\/{rel}","templated":true}]}}