{"id":5737,"date":"2024-06-11T10:04:47","date_gmt":"2024-06-11T08:04:47","guid":{"rendered":"https:\/\/boutique.vaniline.com\/?post_type=product&#038;p=5737"},"modified":"2026-04-06T16:02:10","modified_gmt":"2026-04-06T14:02:10","slug":"robe-dete-pour-ruby-red-fashion-friends-jaune","status":"publish","type":"product","link":"https:\/\/boutique.vaniline.com\/index.php\/produit\/robe-dete-pour-ruby-red-fashion-friends-jaune\/","title":{"rendered":"Robe d&rsquo;\u00e9t\u00e9 pour Ruby  Red Fashion Friends jaune"},"content":{"rendered":"<p>Robe crois\u00e9e en Liberty pour Ruby Red Fashion Friends<\/p>\n<p>Ferm\u00e9e sur le c\u00f4t\u00e9 par un bouton pression<\/p>\n","protected":false},"excerpt":{"rendered":"<p>Robe en Liberty pour Fashion Firends (jaune)<\/p>\n","protected":false},"featured_media":5738,"comment_status":"open","ping_status":"closed","template":"","meta":[],"product_brand":[],"product_cat":[45,17],"product_tag":[],"class_list":{"0":"post-5737","1":"product","2":"type-product","3":"status-publish","4":"has-post-thumbnail","6":"product_cat-fashion-friends-vetements","7":"product_cat-vetements","9":"first","10":"outofstock","11":"shipping-taxable","12":"purchasable","13":"product-type-simple"},"jetpack_sharing_enabled":true,"_links":{"self":[{"href":"https:\/\/boutique.vaniline.com\/index.php\/wp-json\/wp\/v2\/product\/5737","targetHints":{"allow":["GET"]}}],"collection":[{"href":"https:\/\/boutique.vaniline.com\/index.php\/wp-json\/wp\/v2\/product"}],"about":[{"href":"https:\/\/boutique.vaniline.com\/index.php\/wp-json\/wp\/v2\/types\/product"}],"replies":[{"embeddable":true,"href":"https:\/\/boutique.vaniline.com\/index.php\/wp-json\/wp\/v2\/comments?post=5737"}],"wp:featuredmedia":[{"embeddable":true,"href":"https:\/\/boutique.vaniline.com\/index.php\/wp-json\/wp\/v2\/media\/5738"}],"wp:attachment":[{"href":"https:\/\/boutique.vaniline.com\/index.php\/wp-json\/wp\/v2\/media?parent=5737"}],"wp:term":[{"taxonomy":"product_brand","embeddable":true,"href":"https:\/\/boutique.vaniline.com\/index.php\/wp-json\/wp\/v2\/product_brand?post=5737"},{"taxonomy":"product_cat","embeddable":true,"href":"https:\/\/boutique.vaniline.com\/index.php\/wp-json\/wp\/v2\/product_cat?post=5737"},{"taxonomy":"product_tag","embeddable":true,"href":"https:\/\/boutique.vaniline.com\/index.php\/wp-json\/wp\/v2\/product_tag?post=5737"}],"curies":[{"name":"wp","href":"https:\/\/api.w.org\/{rel}","templated":true}]}}