{"id":5819,"date":"2024-07-04T10:46:47","date_gmt":"2024-07-04T08:46:47","guid":{"rendered":"https:\/\/boutique.vaniline.com\/?post_type=product&#038;p=5819"},"modified":"2026-04-06T16:02:10","modified_gmt":"2026-04-06T14:02:10","slug":"collection-ete-2024-pour-fashion-friends-cordelia","status":"publish","type":"product","link":"https:\/\/boutique.vaniline.com\/index.php\/produit\/collection-ete-2024-pour-fashion-friends-cordelia\/","title":{"rendered":"Collection \u00e9t\u00e9 2024 pour Fashion Friends Cord\u00e9lia"},"content":{"rendered":"<p>Robe en coton ray\u00e9 bleue<\/p>\n<p>Chapeau en lin blanc<\/p>\n<p>sac assorti<\/p>\n<p>chaussettes<\/p>\n","protected":false},"excerpt":{"rendered":"<p>Ensemble marin (Cord\u00e9lia) pour Ruby Red Fashion Friends<\/p>\n","protected":false},"featured_media":5820,"comment_status":"open","ping_status":"closed","template":"","meta":[],"product_brand":[],"product_cat":[45,17],"product_tag":[],"class_list":{"0":"post-5819","1":"product","2":"type-product","3":"status-publish","4":"has-post-thumbnail","6":"product_cat-fashion-friends-vetements","7":"product_cat-vetements","9":"first","10":"outofstock","11":"shipping-taxable","12":"purchasable","13":"product-type-simple"},"jetpack_sharing_enabled":true,"_links":{"self":[{"href":"https:\/\/boutique.vaniline.com\/index.php\/wp-json\/wp\/v2\/product\/5819","targetHints":{"allow":["GET"]}}],"collection":[{"href":"https:\/\/boutique.vaniline.com\/index.php\/wp-json\/wp\/v2\/product"}],"about":[{"href":"https:\/\/boutique.vaniline.com\/index.php\/wp-json\/wp\/v2\/types\/product"}],"replies":[{"embeddable":true,"href":"https:\/\/boutique.vaniline.com\/index.php\/wp-json\/wp\/v2\/comments?post=5819"}],"wp:featuredmedia":[{"embeddable":true,"href":"https:\/\/boutique.vaniline.com\/index.php\/wp-json\/wp\/v2\/media\/5820"}],"wp:attachment":[{"href":"https:\/\/boutique.vaniline.com\/index.php\/wp-json\/wp\/v2\/media?parent=5819"}],"wp:term":[{"taxonomy":"product_brand","embeddable":true,"href":"https:\/\/boutique.vaniline.com\/index.php\/wp-json\/wp\/v2\/product_brand?post=5819"},{"taxonomy":"product_cat","embeddable":true,"href":"https:\/\/boutique.vaniline.com\/index.php\/wp-json\/wp\/v2\/product_cat?post=5819"},{"taxonomy":"product_tag","embeddable":true,"href":"https:\/\/boutique.vaniline.com\/index.php\/wp-json\/wp\/v2\/product_tag?post=5819"}],"curies":[{"name":"wp","href":"https:\/\/api.w.org\/{rel}","templated":true}]}}