{"id":619,"date":"2020-08-31T17:14:16","date_gmt":"2020-08-31T15:14:16","guid":{"rendered":"https:\/\/boutique.vaniline.com\/?post_type=product&#038;p=619"},"modified":"2020-08-31T17:17:46","modified_gmt":"2020-08-31T15:17:46","slug":"oliver-salopettes","status":"publish","type":"product","link":"https:\/\/boutique.vaniline.com\/index.php\/produit\/oliver-salopettes\/","title":{"rendered":"OLIVER &#8211; Salopettes"},"content":{"rendered":"<p>Ce patron comprend l&#8217;image du mod\u00e8le et le patron lui-m\u00eame \u00e0 t\u00e9l\u00e9charger.<\/p>\n<p>Ce patron convient aux Wichtels de Rosemarie M\u00fcller de 32cm ( et pour les petites 28cm en r\u00e9duisant de 80%) , \u00e0 la Poup\u00e9e Vanille de Corolle ou Ma Corolle de 36cm, aux poupons de 32-35cm comme les bibichou de Sylvia Natterer ou encore les poup\u00e9es Modes et travaux en allongeant un peu les pi\u00e8ces.<\/p>\n<p>Les explications sont en libre acc\u00e8s sur mon blog &#8220;Ma p&#8217;tite \u00e9cole de couture&#8221;: <a href=\"http:\/\/poupeecouture.canalblog.com\/\" target=\"_blank\" rel=\"noopener noreferrer\">http:\/\/poupeecouture.canalblog.com\/<\/a><\/p>\n<p>Pattern only! explanations are on my blog in french :<a href=\"http:\/\/poupeecouture.canalblog.com\/\" target=\"_blank\" rel=\"noopener noreferrer\"> http:\/\/poupeecouture.canalblog.com\/<\/a><\/p>\n<p>Ce patron permet de r\u00e9aliser une salopette classique ou une robe salopette<\/p>\n","protected":false},"excerpt":{"rendered":"<p>Patron couture pour poup\u00e9es Wichtel ou Ma Corolle.<\/p>\n<p>Patron de salopette(pantalon ou robe)<\/p>\n","protected":false},"featured_media":604,"comment_status":"open","ping_status":"closed","template":"","meta":[],"class_list":{"0":"post-619","1":"product","2":"type-product","3":"status-publish","4":"has-post-thumbnail","6":"product_cat-patrons","7":"product_cat-wichtel-poupon","9":"first","10":"instock","11":"downloadable","12":"virtual","13":"purchasable","14":"product-type-simple"},"jetpack_sharing_enabled":true,"_links":{"self":[{"href":"https:\/\/boutique.vaniline.com\/index.php\/wp-json\/wp\/v2\/product\/619","targetHints":{"allow":["GET"]}}],"collection":[{"href":"https:\/\/boutique.vaniline.com\/index.php\/wp-json\/wp\/v2\/product"}],"about":[{"href":"https:\/\/boutique.vaniline.com\/index.php\/wp-json\/wp\/v2\/types\/product"}],"replies":[{"embeddable":true,"href":"https:\/\/boutique.vaniline.com\/index.php\/wp-json\/wp\/v2\/comments?post=619"}],"wp:featuredmedia":[{"embeddable":true,"href":"https:\/\/boutique.vaniline.com\/index.php\/wp-json\/wp\/v2\/media\/604"}],"wp:attachment":[{"href":"https:\/\/boutique.vaniline.com\/index.php\/wp-json\/wp\/v2\/media?parent=619"}],"curies":[{"name":"wp","href":"https:\/\/api.w.org\/{rel}","templated":true}]}}