{"id":6983,"date":"2025-07-15T12:24:14","date_gmt":"2025-07-15T10:24:14","guid":{"rendered":"https:\/\/boutique.vaniline.com\/?post_type=product&#038;p=6983"},"modified":"2025-07-17T16:09:37","modified_gmt":"2025-07-17T14:09:37","slug":"salopettes-dete-pour-les-minouches-cafe","status":"publish","type":"product","link":"https:\/\/boutique.vaniline.com\/index.php\/produit\/salopettes-dete-pour-les-minouches-cafe\/","title":{"rendered":"salopettes d&#8217;\u00e9t\u00e9 pour les Minouches (caf\u00e9)"},"content":{"rendered":"<p>Top en Liberty<\/p>\n<p>salopette courte en lin<\/p>\n","protected":false},"excerpt":{"rendered":"<p>salopette en lin et Top en Liberty pour Minouche (caf\u00e9)<\/p>\n","protected":false},"featured_media":6984,"comment_status":"open","ping_status":"closed","template":"","meta":[],"class_list":{"0":"post-6983","1":"product","2":"type-product","3":"status-publish","4":"has-post-thumbnail","6":"product_cat-minouches","7":"product_cat-vetements","9":"first","10":"outofstock","11":"shipping-taxable","12":"purchasable","13":"product-type-simple"},"jetpack_sharing_enabled":true,"_links":{"self":[{"href":"https:\/\/boutique.vaniline.com\/index.php\/wp-json\/wp\/v2\/product\/6983","targetHints":{"allow":["GET"]}}],"collection":[{"href":"https:\/\/boutique.vaniline.com\/index.php\/wp-json\/wp\/v2\/product"}],"about":[{"href":"https:\/\/boutique.vaniline.com\/index.php\/wp-json\/wp\/v2\/types\/product"}],"replies":[{"embeddable":true,"href":"https:\/\/boutique.vaniline.com\/index.php\/wp-json\/wp\/v2\/comments?post=6983"}],"wp:featuredmedia":[{"embeddable":true,"href":"https:\/\/boutique.vaniline.com\/index.php\/wp-json\/wp\/v2\/media\/6984"}],"wp:attachment":[{"href":"https:\/\/boutique.vaniline.com\/index.php\/wp-json\/wp\/v2\/media?parent=6983"}],"curies":[{"name":"wp","href":"https:\/\/api.w.org\/{rel}","templated":true}]}}