{"id":7489,"date":"2026-02-13T11:14:03","date_gmt":"2026-02-13T10:14:03","guid":{"rendered":"https:\/\/boutique.vaniline.com\/?post_type=product&#038;p=7489"},"modified":"2026-02-13T11:27:45","modified_gmt":"2026-02-13T10:27:45","slug":"miss-decembre-poupee-paola-reina-habillee","status":"publish","type":"product","link":"https:\/\/boutique.vaniline.com\/index.php\/produit\/miss-decembre-poupee-paola-reina-habillee\/","title":{"rendered":"Miss D\u00e9cembre &#8211; Poup\u00e9e Paola Reina habill\u00e9e"},"content":{"rendered":"<p>Poup\u00e9e Paola Reina de 32 cm neuve habill\u00e9e par mes soins dans le th\u00e8me du mois de D\u00e9cembre 2025<\/p>\n<p>La poup\u00e9e est pr\u00e9sent\u00e9e dans une bo\u00eete en carton.<\/p>\n<p>Les frais de port sont compt\u00e9s en partie dans le prix de la poup\u00e9e.<\/p>\n<p>Miss D\u00e9cembre est habill\u00e9e avec:<\/p>\n<p>Une robe en double gaze de coton et col en Liberty<\/p>\n<p>Des collants en jersey blanc<\/p>\n<p>des chaussures Paola Reina<\/p>\n<p>&nbsp;<\/p>\n","protected":false},"excerpt":{"rendered":"<p>Poup\u00e9e Paola Reina habill\u00e9e &#8211; Miss D\u00e9cembre 2025<\/p>\n","protected":false},"featured_media":7490,"comment_status":"open","ping_status":"closed","template":"","meta":[],"class_list":{"0":"post-7489","1":"product","2":"type-product","3":"status-publish","4":"has-post-thumbnail","6":"product_cat-paola-reina","7":"product_cat-poupees-habillees","9":"first","10":"instock","11":"shipping-taxable","12":"purchasable","13":"product-type-simple"},"jetpack_sharing_enabled":true,"_links":{"self":[{"href":"https:\/\/boutique.vaniline.com\/index.php\/wp-json\/wp\/v2\/product\/7489","targetHints":{"allow":["GET"]}}],"collection":[{"href":"https:\/\/boutique.vaniline.com\/index.php\/wp-json\/wp\/v2\/product"}],"about":[{"href":"https:\/\/boutique.vaniline.com\/index.php\/wp-json\/wp\/v2\/types\/product"}],"replies":[{"embeddable":true,"href":"https:\/\/boutique.vaniline.com\/index.php\/wp-json\/wp\/v2\/comments?post=7489"}],"wp:featuredmedia":[{"embeddable":true,"href":"https:\/\/boutique.vaniline.com\/index.php\/wp-json\/wp\/v2\/media\/7490"}],"wp:attachment":[{"href":"https:\/\/boutique.vaniline.com\/index.php\/wp-json\/wp\/v2\/media?parent=7489"}],"curies":[{"name":"wp","href":"https:\/\/api.w.org\/{rel}","templated":true}]}}