{"id":7495,"date":"2026-02-13T11:23:21","date_gmt":"2026-02-13T10:23:21","guid":{"rendered":"https:\/\/boutique.vaniline.com\/?post_type=product&#038;p=7495"},"modified":"2026-02-13T11:27:23","modified_gmt":"2026-02-13T10:27:23","slug":"miss-janvier-2026-poupee-paola-reina-habillee","status":"publish","type":"product","link":"https:\/\/boutique.vaniline.com\/index.php\/produit\/miss-janvier-2026-poupee-paola-reina-habillee\/","title":{"rendered":"Miss Janvier 2026 &#8211; Poup\u00e9e Paola Reina habill\u00e9e"},"content":{"rendered":"<p>Poup\u00e9e Paola Reina de 32 cm neuve habill\u00e9e par mes soins dans le th\u00e8me du mois de janvier 2026<\/p>\n<p>La poup\u00e9e est pr\u00e9sent\u00e9e dans une bo\u00eete en carton.<\/p>\n<p>Les frais de port sont compt\u00e9s en partie dans le prix de la poup\u00e9e.<\/p>\n<p>Miss Janvier est habill\u00e9e avec:<\/p>\n<p>Un T-shirt col volant\u00e9 en Liberty<\/p>\n<p>Une robe en Liberty Lantana June&#8217;s Meadow<\/p>\n<p>Des collants en jersey<\/p>\n<p>Un poncho tricot\u00e9<\/p>\n<p>un bonnet assorti<\/p>\n<p>des chaussures Paola Reina<\/p>\n<p>&nbsp;<\/p>\n","protected":false},"excerpt":{"rendered":"<p>Poup\u00e9e Paola Reina habill\u00e9e &#8211; Miss Janvier 2026<\/p>\n","protected":false},"featured_media":7496,"comment_status":"open","ping_status":"closed","template":"","meta":[],"class_list":{"0":"post-7495","1":"product","2":"type-product","3":"status-publish","4":"has-post-thumbnail","6":"product_cat-paola-reina","7":"product_cat-poupees-habillees","9":"first","10":"instock","11":"shipping-taxable","12":"purchasable","13":"product-type-simple"},"jetpack_sharing_enabled":true,"_links":{"self":[{"href":"https:\/\/boutique.vaniline.com\/index.php\/wp-json\/wp\/v2\/product\/7495","targetHints":{"allow":["GET"]}}],"collection":[{"href":"https:\/\/boutique.vaniline.com\/index.php\/wp-json\/wp\/v2\/product"}],"about":[{"href":"https:\/\/boutique.vaniline.com\/index.php\/wp-json\/wp\/v2\/types\/product"}],"replies":[{"embeddable":true,"href":"https:\/\/boutique.vaniline.com\/index.php\/wp-json\/wp\/v2\/comments?post=7495"}],"wp:featuredmedia":[{"embeddable":true,"href":"https:\/\/boutique.vaniline.com\/index.php\/wp-json\/wp\/v2\/media\/7496"}],"wp:attachment":[{"href":"https:\/\/boutique.vaniline.com\/index.php\/wp-json\/wp\/v2\/media?parent=7495"}],"curies":[{"name":"wp","href":"https:\/\/api.w.org\/{rel}","templated":true}]}}