{"id":7512,"date":"2026-02-16T11:42:01","date_gmt":"2026-02-16T10:42:01","guid":{"rendered":"https:\/\/boutique.vaniline.com\/?post_type=product&#038;p=7512"},"modified":"2026-02-16T11:44:39","modified_gmt":"2026-02-16T10:44:39","slug":"fevrier-en-rose-bonbon-ensemble-robe-salopette-pour-fashion-friends","status":"publish","type":"product","link":"https:\/\/boutique.vaniline.com\/index.php\/produit\/fevrier-en-rose-bonbon-ensemble-robe-salopette-pour-fashion-friends\/","title":{"rendered":"F\u00e9vrier en rose bonbon &#8211; Ensemble robe salopette pour Fashion Friends"},"content":{"rendered":"<p>T-shirt en jersey \u00e9toiles et col volant\u00e9 en Liberty Betsy Ann Figue<\/p>\n<p>Robe salopette\u00a0 en velours milleraies rose<\/p>\n<p>Collants jersey<\/p>\n<p>Bandeau assorti<\/p>\n<p>&nbsp;<\/p>\n<p>&nbsp;<\/p>\n","protected":false},"excerpt":{"rendered":"<p>F\u00e9vrier en rose bonbon- Karina<\/p>\n","protected":false},"featured_media":7513,"comment_status":"open","ping_status":"closed","template":"","meta":[],"product_brand":[],"product_cat":[45,17],"product_tag":[],"class_list":{"0":"post-7512","1":"product","2":"type-product","3":"status-publish","4":"has-post-thumbnail","6":"product_cat-fashion-friends-vetements","7":"product_cat-vetements","9":"first","10":"instock","11":"shipping-taxable","12":"purchasable","13":"product-type-simple"},"jetpack_sharing_enabled":true,"_links":{"self":[{"href":"https:\/\/boutique.vaniline.com\/index.php\/wp-json\/wp\/v2\/product\/7512","targetHints":{"allow":["GET"]}}],"collection":[{"href":"https:\/\/boutique.vaniline.com\/index.php\/wp-json\/wp\/v2\/product"}],"about":[{"href":"https:\/\/boutique.vaniline.com\/index.php\/wp-json\/wp\/v2\/types\/product"}],"replies":[{"embeddable":true,"href":"https:\/\/boutique.vaniline.com\/index.php\/wp-json\/wp\/v2\/comments?post=7512"}],"wp:featuredmedia":[{"embeddable":true,"href":"https:\/\/boutique.vaniline.com\/index.php\/wp-json\/wp\/v2\/media\/7513"}],"wp:attachment":[{"href":"https:\/\/boutique.vaniline.com\/index.php\/wp-json\/wp\/v2\/media?parent=7512"}],"wp:term":[{"taxonomy":"product_brand","embeddable":true,"href":"https:\/\/boutique.vaniline.com\/index.php\/wp-json\/wp\/v2\/product_brand?post=7512"},{"taxonomy":"product_cat","embeddable":true,"href":"https:\/\/boutique.vaniline.com\/index.php\/wp-json\/wp\/v2\/product_cat?post=7512"},{"taxonomy":"product_tag","embeddable":true,"href":"https:\/\/boutique.vaniline.com\/index.php\/wp-json\/wp\/v2\/product_tag?post=7512"}],"curies":[{"name":"wp","href":"https:\/\/api.w.org\/{rel}","templated":true}]}}