{"id":766,"date":"2020-09-29T10:34:19","date_gmt":"2020-09-29T08:34:19","guid":{"rendered":"https:\/\/boutique.vaniline.com\/?post_type=product&#038;p=766"},"modified":"2020-09-29T10:42:45","modified_gmt":"2020-09-29T08:42:45","slug":"fiche-tricot-le-pull-marin-de-sylvia","status":"publish","type":"product","link":"https:\/\/boutique.vaniline.com\/index.php\/produit\/fiche-tricot-le-pull-marin-de-sylvia\/","title":{"rendered":"Fiche tricot : \u00ab\u00a0Le pull marin de Sylvia\u00a0\u00bb"},"content":{"rendered":"<p>Explications de tricot pour r\u00e9aliser un pull \u00ab\u00a0marin\u00a0\u00bb \u00e0 manches raglan et son bonnet assorti.<\/p>\n<p>Fichier PDF \u00e0 t\u00e9l\u00e9charger.<\/p>\n<p>Le mod\u00e8le convient aux poup\u00e9es de 45 \u00e0 55cm comme les G\u00f6tz happy Kidz et Classic Kidz, les meadowdolls 18&Prime; et 21&Prime; (Ardyn) , les Zwergn\u00e4se junior de 45 \u00e0 55cm, les Kidz n cats,\u00a0 Maru and Friends etc&#8230;<\/p>\n","protected":false},"excerpt":{"rendered":"<p>Fiche tricot \u00e0 t\u00e9l\u00e9charger d&rsquo;un pull marin et son bonnet assorti pour poup\u00e9es de 45 \u00e0 55cm .<\/p>\n","protected":false},"featured_media":768,"comment_status":"open","ping_status":"closed","template":"","meta":[],"product_brand":[],"product_cat":[32],"product_tag":[],"class_list":{"0":"post-766","1":"product","2":"type-product","3":"status-publish","4":"has-post-thumbnail","6":"product_cat-tutos-tricot","8":"first","9":"instock","10":"downloadable","11":"virtual","12":"purchasable","13":"product-type-simple"},"jetpack_sharing_enabled":true,"_links":{"self":[{"href":"https:\/\/boutique.vaniline.com\/index.php\/wp-json\/wp\/v2\/product\/766","targetHints":{"allow":["GET"]}}],"collection":[{"href":"https:\/\/boutique.vaniline.com\/index.php\/wp-json\/wp\/v2\/product"}],"about":[{"href":"https:\/\/boutique.vaniline.com\/index.php\/wp-json\/wp\/v2\/types\/product"}],"replies":[{"embeddable":true,"href":"https:\/\/boutique.vaniline.com\/index.php\/wp-json\/wp\/v2\/comments?post=766"}],"wp:featuredmedia":[{"embeddable":true,"href":"https:\/\/boutique.vaniline.com\/index.php\/wp-json\/wp\/v2\/media\/768"}],"wp:attachment":[{"href":"https:\/\/boutique.vaniline.com\/index.php\/wp-json\/wp\/v2\/media?parent=766"}],"wp:term":[{"taxonomy":"product_brand","embeddable":true,"href":"https:\/\/boutique.vaniline.com\/index.php\/wp-json\/wp\/v2\/product_brand?post=766"},{"taxonomy":"product_cat","embeddable":true,"href":"https:\/\/boutique.vaniline.com\/index.php\/wp-json\/wp\/v2\/product_cat?post=766"},{"taxonomy":"product_tag","embeddable":true,"href":"https:\/\/boutique.vaniline.com\/index.php\/wp-json\/wp\/v2\/product_tag?post=766"}],"curies":[{"name":"wp","href":"https:\/\/api.w.org\/{rel}","templated":true}]}}